{"id":24,"date":"2020-11-25T21:18:24","date_gmt":"2020-11-25T20:18:24","guid":{"rendered":"http:\/\/die-seifensuechtige.de\/?page_id=24"},"modified":"2020-12-01T18:12:56","modified_gmt":"2020-12-01T17:12:56","slug":"ueber-mich","status":"publish","type":"page","link":"https:\/\/die-seifensuechtige.de\/?page_id=24","title":{"rendered":"\u00dcber mich"},"content":{"rendered":"\n<p>Ich bin 23, hochgradig seifens\u00fcchtig und ne ziemliche Naschkatze.<\/p>\n\n\n\n<p>Mit dem Seife sieden hab ich im Herbst 2019 angefangen. Seither hab ich etwa 150 Chargen gesiedet, einige dabonzaber sehr sehr klein (1-3 Seiflein). Ich experimentierte gerne, probiere gern neue D\u00fcfte, Formen und Farben. Auch interessiere ich mich sehr f\u00fcr Naturfarben, f\u00e4rbe aber auch gern und oft mit Mica und Pigmenten.<\/p>\n\n\n\n<p>In meiner Wohnung liegt \u00fcberall Seife, teils schon fertig eingepackt zum verschenken, teils noch ganz frisch und am reifen. Dadurch riecht es in meiner Wohnung immer wundervoll \ud83d\udc96<\/p>\n","protected":false},"excerpt":{"rendered":"<p>Ich bin 23, hochgradig seifens\u00fcchtig und ne ziemliche Naschkatze. Mit dem Seife sieden hab ich im Herbst 2019 angefangen. Seither hab ich etwa 150 Chargen gesiedet, einige dabonzaber sehr sehr klein (1-3 Seiflein). Ich experimentierte gerne, probiere gern neue D\u00fcfte, Formen und Farben. Auch interessiere ich mich sehr f\u00fcr Naturfarben, f\u00e4rbe aber auch gern und [&hellip;]<\/p>\n","protected":false},"author":1,"featured_media":0,"parent":0,"menu_order":0,"comment_status":"closed","ping_status":"closed","template":"","meta":{"spay_email":""},"_links":{"self":[{"href":"https:\/\/die-seifensuechtige.de\/index.php?rest_route=\/wp\/v2\/pages\/24"}],"collection":[{"href":"https:\/\/die-seifensuechtige.de\/index.php?rest_route=\/wp\/v2\/pages"}],"about":[{"href":"https:\/\/die-seifensuechtige.de\/index.php?rest_route=\/wp\/v2\/types\/page"}],"author":[{"embeddable":true,"href":"https:\/\/die-seifensuechtige.de\/index.php?rest_route=\/wp\/v2\/users\/1"}],"replies":[{"embeddable":true,"href":"https:\/\/die-seifensuechtige.de\/index.php?rest_route=%2Fwp%2Fv2%2Fcomments&post=24"}],"version-history":[{"count":2,"href":"https:\/\/die-seifensuechtige.de\/index.php?rest_route=\/wp\/v2\/pages\/24\/revisions"}],"predecessor-version":[{"id":48,"href":"https:\/\/die-seifensuechtige.de\/index.php?rest_route=\/wp\/v2\/pages\/24\/revisions\/48"}],"wp:attachment":[{"href":"https:\/\/die-seifensuechtige.de\/index.php?rest_route=%2Fwp%2Fv2%2Fmedia&parent=24"}],"curies":[{"name":"wp","href":"https:\/\/api.w.org\/{rel}","templated":true}]}}